{"id":321,"date":"2022-11-11T01:59:13","date_gmt":"2022-11-11T01:59:13","guid":{"rendered":"http:\/\/amirthaaproducts.com\/index.php\/my-account\/"},"modified":"2025-08-14T17:56:40","modified_gmt":"2025-08-14T17:56:40","slug":"my-account","status":"publish","type":"page","link":"https:\/\/amirthaaproducts.com\/index.php\/my-account\/","title":{"rendered":"My account"},"content":{"rendered":"<div><p>Oyun platformlar\u0131nda, izlemenin hem bir fayda hem de bir tehlike oldu\u011fu yerlerde, bu fark\u0131ndal\u0131k b\u00fcy\u00fcmesi \u00f6nemli bir an anlam\u0131na gelir. Profesyonel yay\u0131n merkezleri sorunsuz oturumlar y\u00fcr\u00fct\u00fcr, en y\u00fcksek kaliteyi sunmak. Bir\u00e7ok kumarbaz oyunlar\u0131n kontrol edildi\u011fini hissediyor. Bu s\u00fcre\u00e7, adil olmas\u0131n\u0131 garanti eder, ne platform ne de kumarbaz d\u00f6nd\u00fcrmeyi tahmin edemez. sistem, saniyede \u00e7ok say\u0131da sonu\u00e7 \u00fcretir ve oyun sonucu belirler. Bu teknoloji, e\u015fit \u00d6zetle, avantajlar <a href=\"https:\/\/maxwincasinotr.com\">Maxwin<\/a> oyuncu memnuniyetini art\u0131r\u0131r, ancak \u015fartlar a\u00e7\u0131k olmal\u0131d\u0131r. S\u0131n\u0131rlar\u0131 bilen kurallara uyan kumarbazlar i\u00e7in bir bonus, oyunlar\u0131 uzatmak ve de\u011feri art\u0131rmak i\u00e7in yap\u0131c\u0131 bir yol olabilir. Oyuncular ne kadar \u00e7ok bilgi sahibi olursa, haklar\u0131n ne zaman kullan\u0131labilece\u011fi konusunda \u015feffafl\u0131k beklerler. Hile \u00f6nleme derin \u00f6\u011frenme ile y\u00fckseltilmi\u015ftir, kara para aklama \u00f6nlenir.<\/p><\/div><div class=\"woocommerce\"><\/div>\n","protected":false},"excerpt":{"rendered":"<p>Oyun platformlar\u0131nda, izlemenin hem bir fayda hem de bir tehlike oldu\u011fu yerlerde, bu fark\u0131ndal\u0131k b\u00fcy\u00fcmesi \u00f6nemli bir an anlam\u0131na gelir. Profesyonel yay\u0131n merkezleri sorunsuz oturumlar y\u00fcr\u00fct\u00fcr, en y\u00fcksek kaliteyi sunmak. Bir\u00e7ok kumarbaz oyunlar\u0131n kontrol edildi\u011fini hissediyor. Bu s\u00fcre\u00e7, adil olmas\u0131n\u0131 garanti eder, ne platform ne de kumarbaz d\u00f6nd\u00fcrmeyi tahmin edemez. sistem, saniyede \u00e7ok say\u0131da sonu\u00e7 [&hellip;]<\/p>\n","protected":false},"author":1,"featured_media":0,"parent":0,"menu_order":0,"comment_status":"closed","ping_status":"closed","template":"","meta":[],"_links":{"self":[{"href":"https:\/\/amirthaaproducts.com\/index.php\/wp-json\/wp\/v2\/pages\/321"}],"collection":[{"href":"https:\/\/amirthaaproducts.com\/index.php\/wp-json\/wp\/v2\/pages"}],"about":[{"href":"https:\/\/amirthaaproducts.com\/index.php\/wp-json\/wp\/v2\/types\/page"}],"author":[{"embeddable":true,"href":"https:\/\/amirthaaproducts.com\/index.php\/wp-json\/wp\/v2\/users\/1"}],"replies":[{"embeddable":true,"href":"https:\/\/amirthaaproducts.com\/index.php\/wp-json\/wp\/v2\/comments?post=321"}],"version-history":[{"count":1,"href":"https:\/\/amirthaaproducts.com\/index.php\/wp-json\/wp\/v2\/pages\/321\/revisions"}],"predecessor-version":[{"id":772,"href":"https:\/\/amirthaaproducts.com\/index.php\/wp-json\/wp\/v2\/pages\/321\/revisions\/772"}],"wp:attachment":[{"href":"https:\/\/amirthaaproducts.com\/index.php\/wp-json\/wp\/v2\/media?parent=321"}],"curies":[{"name":"wp","href":"https:\/\/api.w.org\/{rel}","templated":true}]}}